{"id":31,"date":"2020-10-13T14:09:21","date_gmt":"2020-10-13T14:09:21","guid":{"rendered":"https:\/\/fidokft.hu\/?page_id=31"},"modified":"2021-11-19T17:15:40","modified_gmt":"2021-11-19T17:15:40","slug":"hulladek-szallitas","status":"publish","type":"page","link":"https:\/\/fidokft.hu\/index.php\/hulladek-szallitas\/","title":{"rendered":"Hullad\u00e9k sz\u00e1ll\u00edt\u00e1s"},"content":{"rendered":"<header class=\"entry-header\">\n<p class=\"entry-title\"><span style=\"font-size: 1rem;\">\u00dcgyfeleink sz\u00e1m\u00e1ra v\u00e9gzett hullad\u00e9kgy\u0171jt\u00e9si \u00e9s sz\u00e1ll\u00edt\u00e1si, hullad\u00e9k elhelyez\u00e9si \u00e9s sz\u00e1ll\u00edt\u00e1si szolg\u00e1ltat\u00e1saink min\u0151s\u00e9gi jellemz\u0151ivel kapcsolatos \u00fcgyf\u00e9lig\u00e9nyek kiel\u00e9g\u00edt\u00e9se, a vonatkoz\u00f3 jogszab\u00e1lyok \u00e9s hat\u00f3s\u00e1gi hat\u00e1rozatok k\u00f6vetelm\u00e9nyeinek betart\u00e1sa els\u0151dleges feladataink k\u00f6z\u00e9 tartoznak. A fenti k\u00f6vetelm\u00e9nyek kiel\u00e9g\u00edt\u00e9se \u00e9rdek\u00e9ben alak\u00edtottuk ki, \u00e9s alkalmazzuk a hullad\u00e9ksz\u00e1ll\u00edt\u00e1si, hullad\u00e9k elhelyez\u00e9si \u00e9s sz\u00e1ll\u00edt\u00e1si szolg\u00e1ltat\u00e1saink min\u0151s\u00e9g\u00e9t befoly\u00e1sol\u00f3 folyamatainkat<\/span><\/p>\n<p><img loading=\"lazy\" decoding=\"async\" class=\"alignnone wp-image-60 size-full\" src=\"https:\/\/fidokft.hu\/wp-content\/uploads\/2021\/11\/008.jpg\" alt=\"\" width=\"1560\" height=\"1200\" srcset=\"https:\/\/fidokft.hu\/wp-content\/uploads\/2021\/11\/008.jpg 1560w, https:\/\/fidokft.hu\/wp-content\/uploads\/2021\/11\/008-300x231.jpg 300w, https:\/\/fidokft.hu\/wp-content\/uploads\/2021\/11\/008-1024x788.jpg 1024w, https:\/\/fidokft.hu\/wp-content\/uploads\/2021\/11\/008-768x591.jpg 768w, https:\/\/fidokft.hu\/wp-content\/uploads\/2021\/11\/008-1536x1182.jpg 1536w, https:\/\/fidokft.hu\/wp-content\/uploads\/2021\/11\/008-624x480.jpg 624w\" sizes=\"(max-width: 1560px) 100vw, 1560px\" \/><\/p>\n<p class=\"entry-title\">\n<\/header>\n","protected":false},"excerpt":{"rendered":"<p>\u00dcgyfeleink sz\u00e1m\u00e1ra v\u00e9gzett hullad\u00e9kgy\u0171jt\u00e9si \u00e9s sz\u00e1ll\u00edt\u00e1si, hullad\u00e9k elhelyez\u00e9si \u00e9s sz\u00e1ll\u00edt\u00e1si szolg\u00e1ltat\u00e1saink min\u0151s\u00e9gi jellemz\u0151ivel kapcsolatos \u00fcgyf\u00e9lig\u00e9nyek kiel\u00e9g\u00edt\u00e9se, a vonatkoz\u00f3 jogszab\u00e1lyok \u00e9s hat\u00f3s\u00e1gi hat\u00e1rozatok k\u00f6vetelm\u00e9nyeinek betart\u00e1sa els\u0151dleges feladataink k\u00f6z\u00e9 tartoznak. A fenti k\u00f6vetelm\u00e9nyek kiel\u00e9g\u00edt\u00e9se \u00e9rdek\u00e9ben alak\u00edtottuk ki, \u00e9s alkalmazzuk a hullad\u00e9ksz\u00e1ll\u00edt\u00e1si, hullad\u00e9k elhelyez\u00e9si \u00e9s sz\u00e1ll\u00edt\u00e1si szolg\u00e1ltat\u00e1saink min\u0151s\u00e9g\u00e9t befoly\u00e1sol\u00f3 folyamatainkat<\/p>\n","protected":false},"author":1,"featured_media":0,"parent":0,"menu_order":0,"comment_status":"closed","ping_status":"closed","template":"","meta":{"footnotes":""},"_links":{"self":[{"href":"https:\/\/fidokft.hu\/index.php\/wp-json\/wp\/v2\/pages\/31"}],"collection":[{"href":"https:\/\/fidokft.hu\/index.php\/wp-json\/wp\/v2\/pages"}],"about":[{"href":"https:\/\/fidokft.hu\/index.php\/wp-json\/wp\/v2\/types\/page"}],"author":[{"embeddable":true,"href":"https:\/\/fidokft.hu\/index.php\/wp-json\/wp\/v2\/users\/1"}],"replies":[{"embeddable":true,"href":"https:\/\/fidokft.hu\/index.php\/wp-json\/wp\/v2\/comments?post=31"}],"version-history":[{"count":5,"href":"https:\/\/fidokft.hu\/index.php\/wp-json\/wp\/v2\/pages\/31\/revisions"}],"predecessor-version":[{"id":72,"href":"https:\/\/fidokft.hu\/index.php\/wp-json\/wp\/v2\/pages\/31\/revisions\/72"}],"wp:attachment":[{"href":"https:\/\/fidokft.hu\/index.php\/wp-json\/wp\/v2\/media?parent=31"}],"curies":[{"name":"wp","href":"https:\/\/api.w.org\/{rel}","templated":true}]}}