{"id":25,"date":"2020-10-13T14:05:54","date_gmt":"2020-10-13T14:05:54","guid":{"rendered":"https:\/\/fidokft.hu\/?page_id=25"},"modified":"2021-11-18T17:42:19","modified_gmt":"2021-11-18T17:42:19","slug":"hulladekgazdalkodas","status":"publish","type":"page","link":"https:\/\/fidokft.hu\/index.php\/hulladekgazdalkodas\/","title":{"rendered":"Hullad\u00e9kgazd\u00e1lkod\u00e1s"},"content":{"rendered":"<header class=\"entry-header\"><\/header>\n<div class=\"entry-content\">\n<p>Hullad\u00e9kgazd\u00e1lkod\u00e1snak nevezz\u00fck azt a tudatos, tervszer\u0171 tev\u00e9kenys\u00e9get, amely a hullad\u00e9k kik\u00fcsz\u00f6b\u00f6l\u00e9se, keletkez\u00e9s\u00e9nek megsz\u00fcntet\u00e9se, illetve m\u00e9rs\u00e9kl\u00e9se, az elker\u00fclhetetlen\u00fcl keletkez\u0151 hullad\u00e9k megfelel\u0151 gy\u0171jt\u00e9se \u00e9s lehet\u0151s\u00e9g szerinti hasznos\u00edt\u00e1sa, v\u00e9gs\u0151 esetben pedig \u00e1rtalmatlan\u00edt\u00e1sa \u00e9s korl\u00e1toz\u00e1s n\u00e9lk\u00fcli elhelyez\u00e9se \u00e9rdek\u00e9ben t\u00f6rt\u00e9nik.<\/p>\n<p><img loading=\"lazy\" decoding=\"async\" class=\"alignnone wp-image-70 \" style=\"font-size: 1rem;\" src=\"https:\/\/fidokft.hu\/wp-content\/uploads\/2021\/11\/Konteneres-kep-300x225.jpg\" alt=\"\" width=\"350\" height=\"263\" srcset=\"https:\/\/fidokft.hu\/wp-content\/uploads\/2021\/11\/Konteneres-kep-300x225.jpg 300w, https:\/\/fidokft.hu\/wp-content\/uploads\/2021\/11\/Konteneres-kep-1024x768.jpg 1024w, https:\/\/fidokft.hu\/wp-content\/uploads\/2021\/11\/Konteneres-kep-768x576.jpg 768w, https:\/\/fidokft.hu\/wp-content\/uploads\/2021\/11\/Konteneres-kep-1536x1152.jpg 1536w, https:\/\/fidokft.hu\/wp-content\/uploads\/2021\/11\/Konteneres-kep-2048x1536.jpg 2048w, https:\/\/fidokft.hu\/wp-content\/uploads\/2021\/11\/Konteneres-kep-624x468.jpg 624w\" sizes=\"(max-width: 350px) 100vw, 350px\" \/> <img loading=\"lazy\" decoding=\"async\" class=\" wp-image-26\" src=\"https:\/\/fidokft.hu\/wp-content\/uploads\/2020\/10\/fido056-225x300.jpg\" alt=\"\" width=\"197\" height=\"263\" srcset=\"https:\/\/fidokft.hu\/wp-content\/uploads\/2020\/10\/fido056-225x300.jpg 225w, https:\/\/fidokft.hu\/wp-content\/uploads\/2020\/10\/fido056.jpg 600w\" sizes=\"(max-width: 197px) 100vw, 197px\" \/><\/p>\n<p><img loading=\"lazy\" decoding=\"async\" class=\"alignnone wp-image-63 \" src=\"https:\/\/fidokft.hu\/wp-content\/uploads\/2021\/11\/MAN.bmp\" alt=\"\" width=\"551\" height=\"407\" \/><\/p>\n<\/div>\n","protected":false},"excerpt":{"rendered":"<p>Hullad\u00e9kgazd\u00e1lkod\u00e1snak nevezz\u00fck azt a tudatos, tervszer\u0171 tev\u00e9kenys\u00e9get, amely a hullad\u00e9k kik\u00fcsz\u00f6b\u00f6l\u00e9se, keletkez\u00e9s\u00e9nek megsz\u00fcntet\u00e9se, illetve m\u00e9rs\u00e9kl\u00e9se, az elker\u00fclhetetlen\u00fcl keletkez\u0151 hullad\u00e9k megfelel\u0151 gy\u0171jt\u00e9se \u00e9s lehet\u0151s\u00e9g szerinti hasznos\u00edt\u00e1sa, v\u00e9gs\u0151 esetben pedig \u00e1rtalmatlan\u00edt\u00e1sa \u00e9s korl\u00e1toz\u00e1s n\u00e9lk\u00fcli elhelyez\u00e9se \u00e9rdek\u00e9ben t\u00f6rt\u00e9nik.<\/p>\n","protected":false},"author":1,"featured_media":0,"parent":0,"menu_order":0,"comment_status":"closed","ping_status":"closed","template":"","meta":{"footnotes":""},"_links":{"self":[{"href":"https:\/\/fidokft.hu\/index.php\/wp-json\/wp\/v2\/pages\/25"}],"collection":[{"href":"https:\/\/fidokft.hu\/index.php\/wp-json\/wp\/v2\/pages"}],"about":[{"href":"https:\/\/fidokft.hu\/index.php\/wp-json\/wp\/v2\/types\/page"}],"author":[{"embeddable":true,"href":"https:\/\/fidokft.hu\/index.php\/wp-json\/wp\/v2\/users\/1"}],"replies":[{"embeddable":true,"href":"https:\/\/fidokft.hu\/index.php\/wp-json\/wp\/v2\/comments?post=25"}],"version-history":[{"count":5,"href":"https:\/\/fidokft.hu\/index.php\/wp-json\/wp\/v2\/pages\/25\/revisions"}],"predecessor-version":[{"id":71,"href":"https:\/\/fidokft.hu\/index.php\/wp-json\/wp\/v2\/pages\/25\/revisions\/71"}],"wp:attachment":[{"href":"https:\/\/fidokft.hu\/index.php\/wp-json\/wp\/v2\/media?parent=25"}],"curies":[{"name":"wp","href":"https:\/\/api.w.org\/{rel}","templated":true}]}}