{"id":14,"date":"2020-10-13T13:57:11","date_gmt":"2020-10-13T13:57:11","guid":{"rendered":"https:\/\/fidokft.hu\/?page_id=14"},"modified":"2021-11-15T17:26:26","modified_gmt":"2021-11-15T17:26:26","slug":"kapcsolat","status":"publish","type":"page","link":"https:\/\/fidokft.hu\/index.php\/kapcsolat\/","title":{"rendered":"Kapcsolat"},"content":{"rendered":"<header class=\"entry-header\">\n<h1 class=\"entry-title\"><span style=\"font-size: 0.928571rem;\">K\u00e9rjen aj\u00e1nlatot munkat\u00e1rsunkt\u00f3l! H\u00e9tk\u00f6znap 07 \u2013 16 \u00f3r\u00e1ig<\/span><\/h1>\n<\/header>\n<div class=\"entry-content\">\n<p><strong>El\u00e9rhet\u0151s\u00e9geink<\/strong>:\u00a0\u00a01239 Budapest Haraszti \u00fat 46<\/p>\n<p>tel: 06 1 283-0783\u00a0 \u00a0 \u00a0 \u00a0 \u00a0diszp\u00e9cser: 06 20 928-7477<\/p>\n<p><img loading=\"lazy\" decoding=\"async\" class=\"alignnone size-medium wp-image-15\" src=\"https:\/\/fidokft.hu\/wp-content\/uploads\/2020\/10\/fido019-300x225.jpg\" alt=\"\" width=\"300\" height=\"225\" srcset=\"https:\/\/fidokft.hu\/wp-content\/uploads\/2020\/10\/fido019-300x225.jpg 300w, https:\/\/fidokft.hu\/wp-content\/uploads\/2020\/10\/fido019-768x576.jpg 768w, https:\/\/fidokft.hu\/wp-content\/uploads\/2020\/10\/fido019-624x468.jpg 624w, https:\/\/fidokft.hu\/wp-content\/uploads\/2020\/10\/fido019.jpg 800w\" sizes=\"(max-width: 300px) 100vw, 300px\" \/> <img loading=\"lazy\" decoding=\"async\" class=\"size-medium wp-image-16\" src=\"https:\/\/fidokft.hu\/wp-content\/uploads\/2020\/10\/fido026-300x225.jpg\" alt=\"\" width=\"300\" height=\"225\" srcset=\"https:\/\/fidokft.hu\/wp-content\/uploads\/2020\/10\/fido026-300x225.jpg 300w, https:\/\/fidokft.hu\/wp-content\/uploads\/2020\/10\/fido026-768x576.jpg 768w, https:\/\/fidokft.hu\/wp-content\/uploads\/2020\/10\/fido026-624x468.jpg 624w, https:\/\/fidokft.hu\/wp-content\/uploads\/2020\/10\/fido026.jpg 800w\" sizes=\"(max-width: 300px) 100vw, 300px\" \/><\/p>\n<p><img loading=\"lazy\" decoding=\"async\" class=\"wp-image-62 \" src=\"https:\/\/fidokft.hu\/wp-content\/uploads\/2021\/11\/004.jpg\" alt=\"\" width=\"603\" height=\"448\" \/><\/p>\n<\/div>\n","protected":false},"excerpt":{"rendered":"<p>K\u00e9rjen aj\u00e1nlatot munkat\u00e1rsunkt\u00f3l! H\u00e9tk\u00f6znap 07 \u2013 16 \u00f3r\u00e1ig El\u00e9rhet\u0151s\u00e9geink:\u00a0\u00a01239 Budapest Haraszti \u00fat 46 tel: 06 1 283-0783\u00a0 \u00a0 \u00a0 \u00a0 \u00a0diszp\u00e9cser: 06 20 928-7477<\/p>\n","protected":false},"author":1,"featured_media":0,"parent":0,"menu_order":0,"comment_status":"closed","ping_status":"closed","template":"","meta":{"footnotes":""},"_links":{"self":[{"href":"https:\/\/fidokft.hu\/index.php\/wp-json\/wp\/v2\/pages\/14"}],"collection":[{"href":"https:\/\/fidokft.hu\/index.php\/wp-json\/wp\/v2\/pages"}],"about":[{"href":"https:\/\/fidokft.hu\/index.php\/wp-json\/wp\/v2\/types\/page"}],"author":[{"embeddable":true,"href":"https:\/\/fidokft.hu\/index.php\/wp-json\/wp\/v2\/users\/1"}],"replies":[{"embeddable":true,"href":"https:\/\/fidokft.hu\/index.php\/wp-json\/wp\/v2\/comments?post=14"}],"version-history":[{"count":6,"href":"https:\/\/fidokft.hu\/index.php\/wp-json\/wp\/v2\/pages\/14\/revisions"}],"predecessor-version":[{"id":64,"href":"https:\/\/fidokft.hu\/index.php\/wp-json\/wp\/v2\/pages\/14\/revisions\/64"}],"wp:attachment":[{"href":"https:\/\/fidokft.hu\/index.php\/wp-json\/wp\/v2\/media?parent=14"}],"curies":[{"name":"wp","href":"https:\/\/api.w.org\/{rel}","templated":true}]}}